{"id":162,"date":"2017-05-06T15:40:07","date_gmt":"2017-05-06T13:40:07","guid":{"rendered":"http:\/\/www.feistybite.com\/store\/?post_type=product&#038;p=162"},"modified":"2017-05-30T20:37:38","modified_gmt":"2017-05-30T18:37:38","slug":"striker-104","status":"publish","type":"product","link":"https:\/\/www.feistybite.com\/store\/tuote\/striker-104\/","title":{"rendered":"Striker 104"},"content":{"rendered":"<p>Striker on suunniteltu yleisvaapuksi vetouisteluun ja siin\u00e4 on automaattisen vastaiskun toteuttava takakoukku. Kalan edes hieman n\u00e4yk\u00e4tess\u00e4 takakoukkua, lukitusmekanismi laukeaa ja kala tarttuu kiinni lis\u00e4ten n\u00e4in merkitt\u00e4v\u00e4sti saalista.<\/p>\n<p>Lis\u00e4tiedot:<br \/>\nhitaasti uppoava<br \/>\nrungon pituus 11 cm + uintilevy 2 cm<br \/>\npaino 17 g<br \/>\nuintisyvyys n. 2 m<br \/>\niskuvoima 14 N<br \/>\niskun pituus 40 mm<br \/>\nSrikerit on koeuitettu eri nopeuksilla isossa altaassa<\/p>\n","protected":false},"excerpt":{"rendered":"<p>Striker on suunniteltu yleisvaapuksi vetouisteluun ja siin\u00e4 on automaattisen vastaiskun toteuttava takakoukku. Kalan edes hieman n\u00e4yk\u00e4tess\u00e4 takakoukkua, lukitusmekanismi laukeaa ja kala tarttuu kiinni lis\u00e4ten n\u00e4in merkitt\u00e4v\u00e4sti saalista. Lis\u00e4tiedot: hitaasti uppoava rungon pituus 11 cm + uintilevy 2 cm paino 17 g uintisyvyys n. 2 m iskuvoima 14 N iskun pituus 40 mm Srikerit on koeuitettu [&hellip;]<\/p>\n","protected":false},"featured_media":163,"comment_status":"open","ping_status":"closed","template":"","meta":[],"class_list":{"0":"post-162","1":"product","2":"type-product","3":"status-publish","4":"has-post-thumbnail","6":"post","7":"post-with-thumbnail","8":"post-with-thumbnail-large","10":"first","11":"instock","12":"taxable","13":"shipping-taxable","14":"purchasable","15":"product-type-simple"},"_links":{"self":[{"href":"https:\/\/www.feistybite.com\/store\/wp-json\/wp\/v2\/product\/162"}],"collection":[{"href":"https:\/\/www.feistybite.com\/store\/wp-json\/wp\/v2\/product"}],"about":[{"href":"https:\/\/www.feistybite.com\/store\/wp-json\/wp\/v2\/types\/product"}],"replies":[{"embeddable":true,"href":"https:\/\/www.feistybite.com\/store\/wp-json\/wp\/v2\/comments?post=162"}],"wp:featuredmedia":[{"embeddable":true,"href":"https:\/\/www.feistybite.com\/store\/wp-json\/wp\/v2\/media\/163"}],"wp:attachment":[{"href":"https:\/\/www.feistybite.com\/store\/wp-json\/wp\/v2\/media?parent=162"}],"curies":[{"name":"wp","href":"https:\/\/api.w.org\/{rel}","templated":true}]}}